{"id":9241,"date":"2020-11-10T17:51:14","date_gmt":"2020-11-10T17:51:14","guid":{"rendered":"https:\/\/vagoinformatique.com\/?page_id=9241"},"modified":"2025-11-25T02:31:03","modified_gmt":"2025-11-25T02:31:03","slug":"sus-socios","status":"publish","type":"page","link":"https:\/\/vagoinformatique.com\/es\/sus-socios\/","title":{"rendered":"Sus socios"},"content":{"rendered":"<div class=\"vc_row wpb_row vc_row-fluid custom_css_69e746655f8054-09382280\"><div class=\"wpb_column vc_column_container vc_col-sm-12\" id=\"staples\"><div class=\"vc_column-inner  custom_css_69e746655fb914-24233367\"><div class=\"wpb_wrapper\"><div class=\"vc_empty_space  custom_css_69e746655fe4f7-64395228\"   style=\"height: 90px\" ><span class=\"vc_empty_space_inner\"><\/span><\/div>\n<div class=\"vc_row wpb_row vc_inner vc_row-fluid custom_css_69e746656010e5-14009816\"><div class=\"container\"><!-- container --><div class=\"container-inner\"><!-- container-inner --><div class=\"wpb_column vc_column_container vc_col-sm-6 vc_col-lg-3 vc_col-md-3 wpb_animate_when_almost_visible wpb_ wpb_start_animation animated\"><div class=\"vc_column-inner  custom_css_69e74665603872-70725109\"><div class=\"wpb_wrapper\"><style type=\"text\/css\">.custom_css_69e74665604c90-81373670 .headings_p { padding-top: 25px;}.custom_css_69e74665604c90-81373670 .heading2 .title-line { height:2px}.custom_css_69e74665604c90-81373670 .heading1 h4{margin-top: 0px;margin-right: 0px;margin-bottom: 0px;margin-left: 0px;font-size:24px;color:#636a82;line-height:1.4em;font-family:Roboto;font-weight:100;font-style:normal}.custom_css_69e74665604c90-81373670 .heading2 h2{margin-top: -5px;margin-bottom: 25px;display:inline-block;font-size:42px;line-height:56px;letter-spacing:-3px;font-family:Roboto;font-weight:400;font-style:normal}.custom_css_69e74665604c90-81373670 .headings_p > *{margin-top: -5px;margin-right: 0px;margin-bottom: 0px;margin-left: 0px;font-family:Roboto;font-weight:300;font-style:normal;font-size:18px;line-height:32px}\n\n\n@media only screen and (max-width : 1890px) {\r\n\t\t\t\t\t\t.custom_css_69e74665604c90-81373670 .heading2 h2{font-size: calc(26px + (42 - 26) * ((100vw - 300px) \/ (1890 - 300)));letter-spacing: calc((26px + (42 - 26) * ((100vw - 300px) \/ (1890 - 300))) *  -0.071428571428571);line-height: calc((26px + (42 - 26) * ((100vw - 300px) \/ (1890 - 300))) *  1.3333333333333);}}\n\n\n<\/style>\n<div class=\"headings custom_css_69e74665604c90-81373670\" ><div class=\"heading1 text-left\"><h4>Comun\u00edquese con<\/h4><\/div><div class=\"heading2 text-left\"><h2>de <span class=\"themecolor1\">apasionados<\/span><\/h2><div class=\"line-holder\"><div class=\"title-line themecolor1_bg\"><\/div><\/div><\/div><div class=\"headings_p\"><p style=\"text-align: left\">L\u00edderes en el mundo franc\u00f3fono de la inform\u00e1tica libre, los miembros de la red <strong><span style=\"color: #99cc00\">tellhandel<\/span>\u00ae<\/strong> sabr\u00e1n <strong>orientar<\/strong> a los mejores proveedores de servicios siempre que sea necesario, incluso <strong>acompa\u00f1arte<\/strong> en los anuncios adecuados para la compra de computadoras, al tiempo que responde a numerosas preguntas relacionadas con las nuevas tecnolog\u00edas (TI), incluida la WEB (sobre cuestiones de seguridad y confidencialidad, campa\u00f1as de promoci\u00f3n en redes sociales, reputaci\u00f3n electr\u00f3nica, el desarrollo de sitios web) y la asistencia t\u00e9cnica (ampliada a las redes inform\u00e1ticas, la reparaci\u00f3n de equipos y software, tanto a domicilio como a distancia mediante Team Viewer y otros programas de asistencia).<\/p>\n<\/div><\/div><div class=\"vc_empty_space  custom_css_69e74665607c31-32173090\"   style=\"height: 32px\" ><span class=\"vc_empty_space_inner\"><\/span><\/div>\n<\/div><\/div><\/div><div class=\"wpb_column vc_column_container vc_col-sm-6 vc_col-lg-3 vc_col-md-3 wpb_animate_when_almost_visible wpb_ wpb_start_animation animated\"><div class=\"vc_column-inner  custom_css_69e746656090d1-25868479\"><div class=\"wpb_wrapper\"><style type=\"text\/css\"><\/style>\n<div class=\"testimonials style1 custom_css_69e74665609b23-24067900\" ><!-- testimonials --><div class=\"testimonial_inner\" data-animate=\"fadeIn\"  data-animate-delay=\"0.3\" data-animate-duration=\"\"><!-- testimonial_inner --><div class=\"image_wrapper\"><img decoding=\"async\" src=\"https:\/\/vagoinformatique.com\/wp-content\/uploads\/2023\/10\/IMG_20230805_202601_492-64x64.jpg\" alt=\"Sus socios\"\/><\/div><div class=\"details_holder\"><h2>CHRISTIAN VAGO<\/h2><p>\"44 a\u00f1os en nuevas tecnolog\u00edas en 2026. Entusiasta de GNU Linux Debian (UBUNTU, Mint y ZorinOS), RPM (FEDORA), MAC OS y Windows. Inform\u00e1tica [buscador de talentos digitales, formador en TI, GdC]. Canad\u00e1, Suiza y el Caribe\".\"<\/p><span>christianvago.com | tellhandel.blog<\/span><\/div><\/div><!-- \/testimonial_inner --><\/div><!-- \/testimonials --><style type=\"text\/css\"><\/style>\n<div class=\"testimonials style1 custom_css_69e7466560bd20-42772074\" ><!-- testimonials --><div class=\"testimonial_inner\" data-animate=\"fadeIn\"  data-animate-delay=\"0.3\" data-animate-duration=\"\"><!-- testimonial_inner --><div class=\"image_wrapper\"><img decoding=\"async\" src=\"https:\/\/vagoinformatique.com\/wp-content\/uploads\/2019\/06\/portfolio1-4-64x64.jpg\" alt=\"Sus socios\"\/><\/div><div class=\"details_holder\"><h2>OSCAR<\/h2><p>\"Dise\u00f1o, planeaci\u00f3n e implementaci\u00f3n de soluciones comerciales y tecnol\u00f3gicas; evaluaci\u00f3n de sistemas y procesos; mejora de las operaciones en organizaciones privadas y gubernamentales. Am\u00e9rica (Canad\u00e1, Paraguay) y Europa (Alemania).\"<\/p><span>nundinae.co<\/span><\/div><\/div><!-- \/testimonial_inner --><\/div><!-- \/testimonials --><style type=\"text\/css\"><\/style>\n<div class=\"testimonials style1 custom_css_69e7466560dd66-37466271\" ><!-- testimonials --><div class=\"testimonial_inner\" data-animate=\"fadeIn\"  data-animate-delay=\"0.3\" data-animate-duration=\"\"><!-- testimonial_inner --><div class=\"image_wrapper\"><img decoding=\"async\" src=\"https:\/\/vagoinformatique.com\/wp-content\/uploads\/2022\/05\/IMG_20220611_144545_601-scaled-64x64.jpg\" alt=\"Sus socios\"\/><\/div><div class=\"details_holder\"><h2>VIVIANE E. VAGO<\/h2><p>\"Delegada de mercadotecnia, responsable de desarrollo de mercado y relaciones p\u00fablicas\"<\/p><span>tellhandel.com | links4travelers.com<\/span><\/div><\/div><!-- \/testimonial_inner --><\/div><!-- \/testimonials --><\/div><\/div><\/div><div class=\"wpb_column vc_column_container vc_col-sm-6 vc_col-lg-3 vc_col-md-3 wpb_animate_when_almost_visible wpb_ wpb_start_animation animated\"><div class=\"vc_column-inner  custom_css_69e74665610202-38441724\"><div class=\"wpb_wrapper\"><style type=\"text\/css\"><\/style>\n<div class=\"testimonials style1 custom_css_69e74665610a02-08497528\" ><!-- testimonials --><div class=\"testimonial_inner\" data-animate=\"fadeIn\"  data-animate-delay=\"0.3\" data-animate-duration=\"\"><!-- testimonial_inner --><div class=\"image_wrapper\"><img decoding=\"async\" src=\"https:\/\/vagoinformatique.com\/wp-content\/uploads\/2019\/06\/portfolio1-1-64x64.jpg\" alt=\"Sus socios\"\/><\/div><div class=\"details_holder\"><h2>MAHER<\/h2><p>\"Seguridad y reputaci\u00f3n digital, desarrollo web y de aplicaciones m\u00f3viles, sitios transaccionales, API. Coordinador en el desarrollo de varias plataformas de alcance internacional. Europa y Norte de \u00c1frica.\"<\/p><span>minds.tn | chloemonitoring.com<\/span><\/div><\/div><!-- \/testimonial_inner --><\/div><!-- \/testimonials --><style type=\"text\/css\"><\/style>\n<div class=\"testimonials style1 custom_css_69e74665612ce0-03814378\" ><!-- testimonials --><div class=\"testimonial_inner\" data-animate=\"fadeIn\"  data-animate-delay=\"0.3\" data-animate-duration=\"\"><!-- testimonial_inner --><div class=\"image_wrapper\"><img decoding=\"async\" src=\"https:\/\/vagoinformatique.com\/wp-content\/uploads\/2021\/02\/emmanuel-et-debora-vago-scaled-e1612272655289-64x64.jpg\" alt=\"Sus socios\"\/><\/div><div class=\"details_holder\"><h2>EMMANUEL Y D\u00c9BORA VAGO<\/h2><p>\" Responsable del guion, el desarrollo en Python y las pruebas de juegos. Formaci\u00f3n e imagen corporativa, fotograf\u00eda y desarrollo web \"<\/p><span>chloemonitoring.com | deboravago.com<\/span><\/div><\/div><!-- \/testimonial_inner --><\/div><!-- \/testimonials --><style type=\"text\/css\"><\/style>\n<div class=\"testimonials style1 custom_css_69e74665614c27-15763970\" ><!-- testimonials --><div class=\"testimonial_inner\" data-animate=\"fadeIn\"  data-animate-delay=\"0.3\" data-animate-duration=\"\"><!-- testimonial_inner --><div class=\"image_wrapper\"><img decoding=\"async\" src=\"https:\/\/vagoinformatique.com\/wp-content\/uploads\/2020\/11\/sumbo-bello-64x64.jpg\" alt=\"Sus socios\"\/><\/div><div class=\"details_holder\"><h2>SUMBO BELLO<\/h2><p>\"Sumbo Bello escribe contenidos relacionados con la inteligencia artificial y la rob\u00f3tica dom\u00e9stica e industrial para sitios web de noticias. En su tiempo libre, juega baloncesto y escucha Coldplay. \u00c1frica subsahariana.\"<\/p><span>edgy.app\/autor\/sumbo<\/span><\/div><\/div><!-- \/testimonial_inner --><\/div><!-- \/testimonials --><\/div><\/div><\/div><div class=\"wpb_column vc_column_container vc_col-sm-6 vc_col-lg-3 vc_col-md-3 wpb_animate_when_almost_visible wpb_ wpb_start_animation animated\"><div class=\"vc_column-inner  custom_css_69e74665617ee5-35364699\"><div class=\"wpb_wrapper\"><style type=\"text\/css\">.custom_css_69e746656190d1-16028017 .headings_p { padding-top: 25px;}.custom_css_69e746656190d1-16028017 .heading2 .title-line { height:2px}.custom_css_69e746656190d1-16028017 .heading1 h4{margin-top: 0px;margin-right: 0px;margin-bottom: 0px;margin-left: 0px;font-size:24px;color:#636a82;line-height:1.4em;font-family:Roboto;font-weight:100;font-style:normal}.custom_css_69e746656190d1-16028017 .heading2 h2{margin-top: -5px;margin-bottom: 25px;display:inline-block;font-size:42px;line-height:56px;letter-spacing:-3px;font-family:Roboto;font-weight:400;font-style:normal}.custom_css_69e746656190d1-16028017 .headings_p > *{margin-top: -5px;margin-right: 0px;margin-bottom: 0px;margin-left: 0px;font-family:Roboto;font-weight:300;font-style:normal;font-size:18px;line-height:32px}\n\n\n@media only screen and (max-width : 1890px) {\r\n\t\t\t\t\t\t.custom_css_69e746656190d1-16028017 .heading2 h2{font-size: calc(26px + (42 - 26) * ((100vw - 300px) \/ (1890 - 300)));letter-spacing: calc((26px + (42 - 26) * ((100vw - 300px) \/ (1890 - 300))) *  -0.071428571428571);line-height: calc((26px + (42 - 26) * ((100vw - 300px) \/ (1890 - 300))) *  1.3333333333333);}}\n\n\n<\/style>\n<div class=\"headings custom_css_69e746656190d1-16028017\" ><div class=\"heading1 text-left\"><h4>Conoce a tus<\/h4><\/div><div class=\"heading2 text-left\"><h2>socios<\/h2><div class=\"line-holder\"><div class=\"title-line themecolor1_bg\"><\/div><\/div><\/div><div class=\"headings_p\"><p style=\"text-align: left\"><strong>En tres continentes<\/strong>. En Europa (Suiza, Francia, Alemania, Italia) y tambi\u00e9n en \u00c1frica (T\u00fanez, Kenia, Rep\u00fablica Democr\u00e1tica del Congo), as\u00ed como en Am\u00e9rica (Quebec, Canad\u00e1) y el Caribe (Rep\u00fablica Dominicana), <strong>en 8 idiomas diferentes<\/strong> (franc\u00e9s, ingl\u00e9s, italiano, espa\u00f1ol, \u00e1rabe, alem\u00e1n, lingala y swahili).<\/p>\n<\/div><\/div><div class=\"vc_empty_space  custom_css_69e7466561b160-66089970\"   style=\"height: 32px\" ><span class=\"vc_empty_space_inner\"><\/span><\/div>\n<style type=\"text\/css\">\n\n\n@media only screen and (max-width : 1890px) {\r\n\t\t\t\t\t\t}\n\n\n<\/style>\n<div class=\"simple-headings custom_css_69e7466561bc59-05601172\" ><div class=\"simple-headings-holder\"><p>Descubra los <a href=\"https:\/\/www.staples.ca\/a\/contenu\/le-centre-de-solutions\/services-techniques\/abonnement-au-soutien-technique?vago=https:\/\/vagoinformatique.com\/#staples\" target=\"_blank\" rel=\"noopener noreferrer\"><strong><u>suscripciones al servicio de asistencia t\u00e9cnica<\/u><\/strong><\/a> de <span style=\"color: #ff0000\"><strong>[grapas]<\/strong><\/span><\/p>\n<\/div><\/div><div class=\"vc_empty_space  custom_css_69e7466561dc37-09479931\"   style=\"height: 32px\" ><span class=\"vc_empty_space_inner\"><\/span><\/div>\n<style type=\"text\/css\">\n\n\n@media only screen and (max-width : 1890px) {\r\n\t\t\t\t\t\t}\n\n\n<\/style>\n<div class=\"simple-headings custom_css_69e7466561e3b4-24586299\" ><div class=\"simple-headings-holder\"><p>As\u00ed funciona la red <span style=\"color: #99cc00\"><strong>tellhandel<span style=\"color: #000000\">\u00ae<\/span><\/strong><\/span>, creando v\u00ednculos entre clientes y profesionales de los oficios relacionados con las nuevas tecnolog\u00edas.<\/p>\n<\/div><\/div><div class=\"vc_empty_space  custom_css_69e7466561fe23-84251185\"   style=\"height: 32px\" ><span class=\"vc_empty_space_inner\"><\/span><\/div>\n<style type=\"text\/css\">.custom_css_69e746656204f7-93586643 .wow-button { background:#4bb9f4 }.custom_css_69e746656204f7-93586643 .hvr-bounce-to-right:hover { background:#eeee22 }.custom_css_69e746656204f7-93586643 .hvr-bounce-to-right:before { background:#eeee22 }.custom_css_69e746656204f7-93586643 .wow-button:hover{ border:solid none rgba(0,0,0,0.1) }.custom_css_69e746656204f7-93586643 .wow-button div.icon.fancy { background:#4bb9f4 }.custom_css_69e746656204f7-93586643 .wow-button:hover div.icon.fancy{ background:#eeee22 }.custom_css_69e746656204f7-93586643 .wow-button.fancy .text { color:#ffffff }.custom_css_69e746656204f7-93586643 .wow-button.fancy .text2 { color:#ffffff }.custom_css_69e746656204f7-93586643 .wow-button div.icon.fancy span i { color:#ffffff }.custom_css_69e746656204f7-93586643 .wow-button:hover.fancy .text{ color:#000000 }.custom_css_69e746656204f7-93586643 .wow-button:hover.fancy .text2{ color:#000000 }.custom_css_69e746656204f7-93586643 .wow-button:hover div.icon.fancy span i{ color:#000000 }.custom_css_69e746656204f7-93586643 .wow-button div.icon.fancy.left { border-right:solid 1px rgba(255,255,255,0.31) }.custom_css_69e746656204f7-93586643 .wow-button:hover div.icon.fancy.left { border-right:solid 1px #000000 }<\/style>\n\r\n\t\t<div class=\"wow_btn_container custom_css_69e746656204f7-93586643 left vc_custom_1604945407669\" data-animate=\"tada\" data-animate-delay=\"0.7\" data-animate-duration=\"\">\r\n\t\t\t<a href=\"https:\/\/vagoinformatique.com\/es\/mantengamos-el-contacto\/\" target=\"_self\">\r\n\t\t\t<button class=\"wow-button fancy large rounded padding_left hvr-bounce-to-right\">\r\n\t\t\t\t<div class=\"icon fancy large left rounded padding_left\"><span><i class=\"wow-directional-dotted-right from_bottom\"><\/i><i class=\"wow-directional-dotted-right from_bottom second\"><\/i><\/span><\/div><div class=\"text\">D\u00cdGANME<\/div><div class=\"text2\">M\u00c1S<\/div>\r\n\t\t\t<\/button>\r\n\t\t\t<\/a>\r\n\t\t<\/div>\r\n\t\t\t<div class=\"vc_empty_space  custom_css_69e74665621c49-68348508\"   style=\"height: 32px\" ><span class=\"vc_empty_space_inner\"><\/span><\/div>\n<\/div><\/div><\/div><\/div><!--\/ container-inner --><\/div><!--\/ container --><\/div><\/div><\/div><\/div><\/div>","protected":false},"excerpt":{"rendered":"Communiquez avecdes passionn\u00e9sChefs de fil dans l'univers francophone de l'informatique libre, les membres du r\u00e9seau tellhandel\u00ae sauront vous orienter vers les meilleurs prestataires de services chaque fois que n\u00e9cessaire, m\u00eame vous accompagner dans les bonnes banni\u00e8res pour vos achats d'ordinateurs, tout en r\u00e9pondant aux nombreuses questions en lien avec les nouvelles technologies (TI) dont le [...]","protected":false},"author":1,"featured_media":0,"parent":0,"menu_order":0,"comment_status":"closed","ping_status":"closed","template":"","meta":{"footnotes":""},"class_list":["post-9241","page","type-page","status-publish","hentry"],"_links":{"self":[{"href":"https:\/\/vagoinformatique.com\/es\/wp-json\/wp\/v2\/pages\/9241","targetHints":{"allow":["GET"]}}],"collection":[{"href":"https:\/\/vagoinformatique.com\/es\/wp-json\/wp\/v2\/pages"}],"about":[{"href":"https:\/\/vagoinformatique.com\/es\/wp-json\/wp\/v2\/types\/page"}],"author":[{"embeddable":true,"href":"https:\/\/vagoinformatique.com\/es\/wp-json\/wp\/v2\/users\/1"}],"replies":[{"embeddable":true,"href":"https:\/\/vagoinformatique.com\/es\/wp-json\/wp\/v2\/comments?post=9241"}],"version-history":[{"count":34,"href":"https:\/\/vagoinformatique.com\/es\/wp-json\/wp\/v2\/pages\/9241\/revisions"}],"predecessor-version":[{"id":11415,"href":"https:\/\/vagoinformatique.com\/es\/wp-json\/wp\/v2\/pages\/9241\/revisions\/11415"}],"wp:attachment":[{"href":"https:\/\/vagoinformatique.com\/es\/wp-json\/wp\/v2\/media?parent=9241"}],"curies":[{"name":"wp","href":"https:\/\/api.w.org\/{rel}","templated":true}]}}