{"id":9241,"date":"2020-11-10T17:51:14","date_gmt":"2020-11-10T17:51:14","guid":{"rendered":"https:\/\/vagoinformatique.com\/?page_id=9241"},"modified":"2025-11-25T02:31:03","modified_gmt":"2025-11-25T02:31:03","slug":"your-partners","status":"publish","type":"page","link":"https:\/\/vagoinformatique.com\/en\/your-partners\/","title":{"rendered":"Your partners"},"content":{"rendered":"<div class=\"vc_row wpb_row vc_row-fluid custom_css_69e8a00b5532d8-10395281\"><div class=\"wpb_column vc_column_container vc_col-sm-12\" id=\"staples\"><div class=\"vc_column-inner  custom_css_69e8a00b557946-59769175\"><div class=\"wpb_wrapper\"><div class=\"vc_empty_space  custom_css_69e8a00b55b077-40365736\"   style=\"height: 90px\" ><span class=\"vc_empty_space_inner\"><\/span><\/div>\n<div class=\"vc_row wpb_row vc_inner vc_row-fluid custom_css_69e8a00b55f0b5-13930809\"><div class=\"container\"><!-- container --><div class=\"container-inner\"><!-- container-inner --><div class=\"wpb_column vc_column_container vc_col-sm-6 vc_col-lg-3 vc_col-md-3 wpb_animate_when_almost_visible wpb_ wpb_start_animation animated\"><div class=\"vc_column-inner  custom_css_69e8a00b5618a5-89096613\"><div class=\"wpb_wrapper\"><style type=\"text\/css\">.custom_css_69e8a00b562651-94434707 .headings_p { padding-top: 25px;}.custom_css_69e8a00b562651-94434707 .heading2 .title-line { height:2px}.custom_css_69e8a00b562651-94434707 .heading1 h4{margin-top: 0px;margin-right: 0px;margin-bottom: 0px;margin-left: 0px;font-size:24px;color:#636a82;line-height:1.4em;font-family:Roboto;font-weight:100;font-style:normal}.custom_css_69e8a00b562651-94434707 .heading2 h2{margin-top: -5px;margin-bottom: 25px;display:inline-block;font-size:42px;line-height:56px;letter-spacing:-3px;font-family:Roboto;font-weight:400;font-style:normal}.custom_css_69e8a00b562651-94434707 .headings_p > *{margin-top: -5px;margin-right: 0px;margin-bottom: 0px;margin-left: 0px;font-family:Roboto;font-weight:300;font-style:normal;font-size:18px;line-height:32px}\n\n\n@media only screen and (max-width : 1890px) {\r\n\t\t\t\t\t\t.custom_css_69e8a00b562651-94434707 .heading2 h2{font-size: calc(26px + (42 - 26) * ((100vw - 300px) \/ (1890 - 300)));letter-spacing: calc((26px + (42 - 26) * ((100vw - 300px) \/ (1890 - 300))) *  -0.071428571428571);line-height: calc((26px + (42 - 26) * ((100vw - 300px) \/ (1890 - 300))) *  1.3333333333333);}}\n\n\n<\/style>\n<div class=\"headings custom_css_69e8a00b562651-94434707\" ><div class=\"heading1 text-left\"><h4>Contact us<\/h4><\/div><div class=\"heading2 text-left\"><h2>from <span class=\"themecolor1\">enthusiasts<\/span><\/h2><div class=\"line-holder\"><div class=\"title-line themecolor1_bg\"><\/div><\/div><\/div><div class=\"headings_p\"><p style=\"text-align: left\">Leading the way in the French-speaking world of free software, the members of the <strong><span style=\"color: #99cc00\">tellhandel<\/span>\u00ae<\/strong> will know <strong>guide you<\/strong> to the best service providers whenever necessary, even when <strong>accompany you<\/strong> in the right banners for your computer purchases, while answering the many questions related to new technologies (IT) including the WEB (on security and confidentiality issues, promotional campaigns on social networks, e-reputation, site development) and technical support (extended to computer networks, hardware and software troubleshooting, both at home and remotely via Team Viewer and other support software).<\/p>\n<\/div><\/div><div class=\"vc_empty_space  custom_css_69e8a00b564672-34842320\"   style=\"height: 32px\" ><span class=\"vc_empty_space_inner\"><\/span><\/div>\n<\/div><\/div><\/div><div class=\"wpb_column vc_column_container vc_col-sm-6 vc_col-lg-3 vc_col-md-3 wpb_animate_when_almost_visible wpb_ wpb_start_animation animated\"><div class=\"vc_column-inner  custom_css_69e8a00b565479-12340683\"><div class=\"wpb_wrapper\"><style type=\"text\/css\"><\/style>\n<div class=\"testimonials style1 custom_css_69e8a00b565bc4-66121655\" ><!-- testimonials --><div class=\"testimonial_inner\" data-animate=\"fadeIn\"  data-animate-delay=\"0.3\" data-animate-duration=\"\"><!-- testimonial_inner --><div class=\"image_wrapper\"><img decoding=\"async\" src=\"https:\/\/vagoinformatique.com\/wp-content\/uploads\/2023\/10\/IMG_20230805_202601_492-64x64.jpg\" alt=\"Your partners\"\/><\/div><div class=\"details_holder\"><h2>CHRISTIAN VAGO<\/h2><p>\"44 years in new technologies in 2026. Enthusiast of GNU Linux Debian (UBUNTU, Mint and ZorinOS), RPM (FEDORA), MAC OS and Windows. IT [digital talent scout, IT trainer, GoC]. Canada, Switzerland and the Caribbean. \"<\/p><span>christianvago.com | tellhandel.blog<\/span><\/div><\/div><!-- \/testimonial_inner --><\/div><!-- \/testimonials --><style type=\"text\/css\"><\/style>\n<div class=\"testimonials style1 custom_css_69e8a00b5682c0-16532162\" ><!-- testimonials --><div class=\"testimonial_inner\" data-animate=\"fadeIn\"  data-animate-delay=\"0.3\" data-animate-duration=\"\"><!-- testimonial_inner --><div class=\"image_wrapper\"><img decoding=\"async\" src=\"https:\/\/vagoinformatique.com\/wp-content\/uploads\/2019\/06\/portfolio1-4-64x64.jpg\" alt=\"Your partners\"\/><\/div><div class=\"details_holder\"><h2>OSCAR<\/h2><p>\"Design, planning and deployment of business and technology solutions; evaluation of systems and processes; improvement of operations in private and governmental organizations. Americas (Canada, Paraguay) and Europe (Germany). \"<\/p><span>nundinae.co<\/span><\/div><\/div><!-- \/testimonial_inner --><\/div><!-- \/testimonials --><style type=\"text\/css\"><\/style>\n<div class=\"testimonials style1 custom_css_69e8a00b56a459-18120590\" ><!-- testimonials --><div class=\"testimonial_inner\" data-animate=\"fadeIn\"  data-animate-delay=\"0.3\" data-animate-duration=\"\"><!-- testimonial_inner --><div class=\"image_wrapper\"><img decoding=\"async\" src=\"https:\/\/vagoinformatique.com\/wp-content\/uploads\/2022\/05\/IMG_20220611_144545_601-scaled-64x64.jpg\" alt=\"Your partners\"\/><\/div><div class=\"details_holder\"><h2>VIVIANE E. VAGO<\/h2><p>\"Marketing delegate, responsible for market development and public relations\".\"<\/p><span>tellhandel.com | links4travelers.com<\/span><\/div><\/div><!-- \/testimonial_inner --><\/div><!-- \/testimonials --><\/div><\/div><\/div><div class=\"wpb_column vc_column_container vc_col-sm-6 vc_col-lg-3 vc_col-md-3 wpb_animate_when_almost_visible wpb_ wpb_start_animation animated\"><div class=\"vc_column-inner  custom_css_69e8a00b56c574-05666611\"><div class=\"wpb_wrapper\"><style type=\"text\/css\"><\/style>\n<div class=\"testimonials style1 custom_css_69e8a00b56cac9-08740322\" ><!-- testimonials --><div class=\"testimonial_inner\" data-animate=\"fadeIn\"  data-animate-delay=\"0.3\" data-animate-duration=\"\"><!-- testimonial_inner --><div class=\"image_wrapper\"><img decoding=\"async\" src=\"https:\/\/vagoinformatique.com\/wp-content\/uploads\/2019\/06\/portfolio1-1-64x64.jpg\" alt=\"Your partners\"\/><\/div><div class=\"details_holder\"><h2>MAHER<\/h2><p>\"Security and e-reputation, WEB and mobile application development, transactional sites, APIs. Coordinator in the development of several international platforms. Europe and North Africa. \"<\/p><span>minds.tn | chloemonitoring.com<\/span><\/div><\/div><!-- \/testimonial_inner --><\/div><!-- \/testimonials --><style type=\"text\/css\"><\/style>\n<div class=\"testimonials style1 custom_css_69e8a00b56f1c8-16596934\" ><!-- testimonials --><div class=\"testimonial_inner\" data-animate=\"fadeIn\"  data-animate-delay=\"0.3\" data-animate-duration=\"\"><!-- testimonial_inner --><div class=\"image_wrapper\"><img decoding=\"async\" src=\"https:\/\/vagoinformatique.com\/wp-content\/uploads\/2021\/02\/emmanuel-et-debora-vago-scaled-e1612272655289-64x64.jpg\" alt=\"Your partners\"\/><\/div><div class=\"details_holder\"><h2>EMMANUEL AND DEBORA VAGO<\/h2><p>\"In charge of scripting, Python development and gaming tests. Training and corporate image, photography and WEB development \"<\/p><span>chloemonitoring.com | deboravago.com<\/span><\/div><\/div><!-- \/testimonial_inner --><\/div><!-- \/testimonials --><style type=\"text\/css\"><\/style>\n<div class=\"testimonials style1 custom_css_69e8a00b571101-42212404\" ><!-- testimonials --><div class=\"testimonial_inner\" data-animate=\"fadeIn\"  data-animate-delay=\"0.3\" data-animate-duration=\"\"><!-- testimonial_inner --><div class=\"image_wrapper\"><img decoding=\"async\" src=\"https:\/\/vagoinformatique.com\/wp-content\/uploads\/2020\/11\/sumbo-bello-64x64.jpg\" alt=\"Your partners\"\/><\/div><div class=\"details_holder\"><h2>SUMBO BELLO<\/h2><p>\"Sumbo Bello writes content related to artificial intelligence and domestic and industrial robotics for news sites. In his spare time, he plays basketball and listens to Coldplay. Sub-Saharan Africa.\n \"<\/p><span>edgy.app\/author\/sumbo<\/span><\/div><\/div><!-- \/testimonial_inner --><\/div><!-- \/testimonials --><\/div><\/div><\/div><div class=\"wpb_column vc_column_container vc_col-sm-6 vc_col-lg-3 vc_col-md-3 wpb_animate_when_almost_visible wpb_ wpb_start_animation animated\"><div class=\"vc_column-inner  custom_css_69e8a00b573d37-15883360\"><div class=\"wpb_wrapper\"><style type=\"text\/css\">.custom_css_69e8a00b574903-46938403 .headings_p { padding-top: 25px;}.custom_css_69e8a00b574903-46938403 .heading2 .title-line { height:2px}.custom_css_69e8a00b574903-46938403 .heading1 h4{margin-top: 0px;margin-right: 0px;margin-bottom: 0px;margin-left: 0px;font-size:24px;color:#636a82;line-height:1.4em;font-family:Roboto;font-weight:100;font-style:normal}.custom_css_69e8a00b574903-46938403 .heading2 h2{margin-top: -5px;margin-bottom: 25px;display:inline-block;font-size:42px;line-height:56px;letter-spacing:-3px;font-family:Roboto;font-weight:400;font-style:normal}.custom_css_69e8a00b574903-46938403 .headings_p > *{margin-top: -5px;margin-right: 0px;margin-bottom: 0px;margin-left: 0px;font-family:Roboto;font-weight:300;font-style:normal;font-size:18px;line-height:32px}\n\n\n@media only screen and (max-width : 1890px) {\r\n\t\t\t\t\t\t.custom_css_69e8a00b574903-46938403 .heading2 h2{font-size: calc(26px + (42 - 26) * ((100vw - 300px) \/ (1890 - 300)));letter-spacing: calc((26px + (42 - 26) * ((100vw - 300px) \/ (1890 - 300))) *  -0.071428571428571);line-height: calc((26px + (42 - 26) * ((100vw - 300px) \/ (1890 - 300))) *  1.3333333333333);}}\n\n\n<\/style>\n<div class=\"headings custom_css_69e8a00b574903-46938403\" ><div class=\"heading1 text-left\"><h4>Meet your<\/h4><\/div><div class=\"heading2 text-left\"><h2>partners<\/h2><div class=\"line-holder\"><div class=\"title-line themecolor1_bg\"><\/div><\/div><\/div><div class=\"headings_p\"><p style=\"text-align: left\"><strong>On 3 continents<\/strong>. In Europe (Switzerland, France, Germany, Italy) and also in Africa (Tunisia, Kenya, DR Congo) as well as in America (Quebec, Canada) and the Caribbean (Dominican Republic), <strong>in 8 different languages<\/strong> (French, English, Italian, Spanish, Arabic, German, Lingala and Swahili).<\/p>\n<\/div><\/div><div class=\"vc_empty_space  custom_css_69e8a00b575f69-56388568\"   style=\"height: 32px\" ><span class=\"vc_empty_space_inner\"><\/span><\/div>\n<style type=\"text\/css\">\n\n\n@media only screen and (max-width : 1890px) {\r\n\t\t\t\t\t\t}\n\n\n<\/style>\n<div class=\"simple-headings custom_css_69e8a00b5765e8-60784443\" ><div class=\"simple-headings-holder\"><p>Discover the <a href=\"https:\/\/www.staples.ca\/a\/contenu\/le-centre-de-solutions\/services-techniques\/abonnement-au-soutien-technique?vago=https:\/\/vagoinformatique.com\/#staples\" target=\"_blank\" rel=\"noopener noreferrer\"><strong><u>technical support subscriptions<\/u><\/strong><\/a> from <span style=\"color: #ff0000\"><strong>[staples]<\/strong><\/span><\/p>\n<\/div><\/div><div class=\"vc_empty_space  custom_css_69e8a00b577a53-51587827\"   style=\"height: 32px\" ><span class=\"vc_empty_space_inner\"><\/span><\/div>\n<style type=\"text\/css\">\n\n\n@media only screen and (max-width : 1890px) {\r\n\t\t\t\t\t\t}\n\n\n<\/style>\n<div class=\"simple-headings custom_css_69e8a00b577f12-31723800\" ><div class=\"simple-headings-holder\"><p>This is how the network works <span style=\"color: #99cc00\"><strong>tellhandel<span style=\"color: #000000\">\u00ae<\/span><\/strong><\/span>, by creating links between customers and professionals in new technology-related professions.<\/p>\n<\/div><\/div><div class=\"vc_empty_space  custom_css_69e8a00b578f28-48824025\"   style=\"height: 32px\" ><span class=\"vc_empty_space_inner\"><\/span><\/div>\n<style type=\"text\/css\">.custom_css_69e8a00b579330-10687691 .wow-button { background:#4bb9f4 }.custom_css_69e8a00b579330-10687691 .hvr-bounce-to-right:hover { background:#eeee22 }.custom_css_69e8a00b579330-10687691 .hvr-bounce-to-right:before { background:#eeee22 }.custom_css_69e8a00b579330-10687691 .wow-button:hover{ border:solid none rgba(0,0,0,0.1) }.custom_css_69e8a00b579330-10687691 .wow-button div.icon.fancy { background:#4bb9f4 }.custom_css_69e8a00b579330-10687691 .wow-button:hover div.icon.fancy{ background:#eeee22 }.custom_css_69e8a00b579330-10687691 .wow-button.fancy .text { color:#ffffff }.custom_css_69e8a00b579330-10687691 .wow-button.fancy .text2 { color:#ffffff }.custom_css_69e8a00b579330-10687691 .wow-button div.icon.fancy span i { color:#ffffff }.custom_css_69e8a00b579330-10687691 .wow-button:hover.fancy .text{ color:#000000 }.custom_css_69e8a00b579330-10687691 .wow-button:hover.fancy .text2{ color:#000000 }.custom_css_69e8a00b579330-10687691 .wow-button:hover div.icon.fancy span i{ color:#000000 }.custom_css_69e8a00b579330-10687691 .wow-button div.icon.fancy.left { border-right:solid 1px rgba(255,255,255,0.31) }.custom_css_69e8a00b579330-10687691 .wow-button:hover div.icon.fancy.left { border-right:solid 1px #000000 }<\/style>\n\r\n\t\t<div class=\"wow_btn_container custom_css_69e8a00b579330-10687691 left vc_custom_1604945407669\" data-animate=\"tada\" data-animate-delay=\"0.7\" data-animate-duration=\"\">\r\n\t\t\t<a href=\"https:\/\/vagoinformatique.com\/en\/keep-in-touch\/\" target=\"_self\">\r\n\t\t\t<button class=\"wow-button fancy large rounded padding_left hvr-bounce-to-right\">\r\n\t\t\t\t<div class=\"icon fancy large left rounded padding_left\"><span><i class=\"wow-directional-dotted-right from_bottom\"><\/i><i class=\"wow-directional-dotted-right from_bottom second\"><\/i><\/span><\/div><div class=\"text\">TELL ME ABOUT IT<\/div><div class=\"text2\">PLUS<\/div>\r\n\t\t\t<\/button>\r\n\t\t\t<\/a>\r\n\t\t<\/div>\r\n\t\t\t<div class=\"vc_empty_space  custom_css_69e8a00b57a227-16726078\"   style=\"height: 32px\" ><span class=\"vc_empty_space_inner\"><\/span><\/div>\n<\/div><\/div><\/div><\/div><!--\/ container-inner --><\/div><!--\/ container --><\/div><\/div><\/div><\/div><\/div>","protected":false},"excerpt":{"rendered":"Communiquez avecdes passionn\u00e9sChefs de fil dans l'univers francophone de l'informatique libre, les membres du r\u00e9seau tellhandel\u00ae sauront vous orienter vers les meilleurs prestataires de services chaque fois que n\u00e9cessaire, m\u00eame vous accompagner dans les bonnes banni\u00e8res pour vos achats d'ordinateurs, tout en r\u00e9pondant aux nombreuses questions en lien avec les nouvelles technologies (TI) dont le [...]","protected":false},"author":1,"featured_media":0,"parent":0,"menu_order":0,"comment_status":"closed","ping_status":"closed","template":"","meta":{"footnotes":""},"class_list":["post-9241","page","type-page","status-publish","hentry"],"_links":{"self":[{"href":"https:\/\/vagoinformatique.com\/en\/wp-json\/wp\/v2\/pages\/9241","targetHints":{"allow":["GET"]}}],"collection":[{"href":"https:\/\/vagoinformatique.com\/en\/wp-json\/wp\/v2\/pages"}],"about":[{"href":"https:\/\/vagoinformatique.com\/en\/wp-json\/wp\/v2\/types\/page"}],"author":[{"embeddable":true,"href":"https:\/\/vagoinformatique.com\/en\/wp-json\/wp\/v2\/users\/1"}],"replies":[{"embeddable":true,"href":"https:\/\/vagoinformatique.com\/en\/wp-json\/wp\/v2\/comments?post=9241"}],"version-history":[{"count":34,"href":"https:\/\/vagoinformatique.com\/en\/wp-json\/wp\/v2\/pages\/9241\/revisions"}],"predecessor-version":[{"id":11415,"href":"https:\/\/vagoinformatique.com\/en\/wp-json\/wp\/v2\/pages\/9241\/revisions\/11415"}],"wp:attachment":[{"href":"https:\/\/vagoinformatique.com\/en\/wp-json\/wp\/v2\/media?parent=9241"}],"curies":[{"name":"wp","href":"https:\/\/api.w.org\/{rel}","templated":true}]}}