{"id":9096,"date":"2019-06-06T08:46:52","date_gmt":"2019-06-06T08:46:52","guid":{"rendered":"https:\/\/wowlayers.com\/wordpress-themes\/infinito-app-2\/?page_id=18"},"modified":"2025-07-24T19:58:18","modified_gmt":"2025-07-24T19:58:18","slug":"keep-in-touch","status":"publish","type":"page","link":"https:\/\/vagoinformatique.com\/en\/keep-in-touch\/","title":{"rendered":"Keeping in touch"},"content":{"rendered":"<div class=\"vc_row wpb_row vc_row-fluid vc_custom_1639280541403 vc_row-has-fill vc_column-gap-35 has_fancy_text_background\"><style type=\"text\/css\">.vc_row.vc_custom_1639280541403 {background-position: right bottom !important}<\/style><style type=\"text\/css\">.fancy_text_background_wrapper_inner .custom_css_69e19447365cf9-60702524{font-family:Roboto;font-weight:900;font-style:normal;font-size:180px;color:rgba(255,255,255,0.2);text-transform:uppercase;text-align:left;line-height:1em}\n\n\n@media only screen and (max-width : 1890px) {\r\n\t\t\t\t\t\t.fancy_text_background_wrapper_inner .custom_css_69e19447365cf9-60702524{font-size: calc(69px + (180 - 69) * ((100vw - 300px) \/ (1890 - 300)));line-height: calc((69px + (180 - 69) * ((100vw - 300px) \/ (1890 - 300))) *  1);}}\n\n\n<\/style><div class=\"fancy_text_background_holder\"><!-- fancy_text_background_holder --><div class=\"fancy_text_background_wrapper\"><!-- fancy_text_background_wrapper --><div class=\"fancy_text_background_wrapper_inner vc_custom_1639280541408\" style=\"position:relative;vertical-align:top;\"><!-- fancy_text_background_wrapper_inner --><div class=\"first_fancy_text custom_css_69e19447365cf9-60702524\"><!-- first_fancy_text --><div class=\"char-mask\"><div style=\"-webkit-transition-delay: 0.14s; transition-delay: 0.14s;\">C<\/div><\/div><div class=\"char-mask\"><div style=\"-webkit-transition-delay: 0.28s; transition-delay: 0.28s;\">O<\/div><\/div><div class=\"char-mask\"><div style=\"-webkit-transition-delay: 0.42s; transition-delay: 0.42s;\">N<\/div><\/div><div class=\"char-mask\"><div style=\"-webkit-transition-delay: 0.56s; transition-delay: 0.56s;\">T<\/div><\/div><div class=\"char-mask\"><div style=\"-webkit-transition-delay: 0.7s; transition-delay: 0.7s;\">A<\/div><\/div><div class=\"char-mask\"><div style=\"-webkit-transition-delay: 0.84s; transition-delay: 0.84s;\">C<\/div><\/div><div class=\"char-mask\"><div style=\"-webkit-transition-delay: 0.98s; transition-delay: 0.98s;\">T<\/div><\/div><\/div><!-- first_fancy_text --><\/div><!-- fancy_text_background_wrapper_inner --><\/div><!-- fancy_text_background_wrapper --><\/div><!--\/ fancy_text_background_holder --><div class=\"container\"><!-- container --><div class=\"container-inner\"><!-- container-inner --><div class=\"wpb_column vc_column_container vc_col-sm-6\"><div class=\"vc_column-inner  custom_css_69e19447369995-22555536\"><div class=\"wpb_wrapper\"><style type=\"text\/css\">.custom_css_69e1944736ad01-74661100 .heading2 .title-line { background:#ffffff}.custom_css_69e1944736ad01-74661100 .heading2 .title-line { height:2px}.custom_css_69e1944736ad01-74661100 .heading2 h2{margin-bottom: 50px;display:inline-block;font-size:56px;color:#ffffff;line-height:1.2em;letter-spacing:-3px;font-family:Roboto;font-weight:100;font-style:normal}\n\n\n@media only screen and (max-width : 1890px) {\r\n\t\t\t\t\t\t.custom_css_69e1944736ad01-74661100 .heading2 h2{font-size: calc(31px + (56 - 31) * ((100vw - 300px) \/ (1890 - 300)));letter-spacing: calc((31px + (56 - 31) * ((100vw - 300px) \/ (1890 - 300))) *  -0.053571428571429);line-height: calc((31px + (56 - 31) * ((100vw - 300px) \/ (1890 - 300))) *  1.2);}}\n\n\n<\/style>\n<div class=\"headings custom_css_69e1944736ad01-74661100\" ><div class=\"heading2 text-left\"><h2>We'd love to hear from you<\/h2><div class=\"line-holder\"><div class=\"title-line themecolor1_bg\"><\/div><\/div><\/div><\/div><div class=\"vc_empty_space  custom_css_69e1944736cb37-98904991\"   style=\"height: 32px\" ><span class=\"vc_empty_space_inner\"><\/span><\/div>\n<style type=\"text\/css\">.custom_css_69e1944736cf59-37345503 .icon{width:22px}.custom_css_69e1944736cf59-37345503 .wow-button .text{font-family:Roboto !important}.custom_css_69e1944736cf59-37345503 .wow-button .text{font-weight:700 !important}.custom_css_69e1944736cf59-37345503 .wow-button .text{font-style:normal !important}.custom_css_69e1944736cf59-37345503 .wow-button { color:#000000 }.custom_css_69e1944736cf59-37345503 .wow-button:hover{ color:#FFFFFF }.custom_css_69e1944736cf59-37345503 a:hover .wow-button span{ color:#FFFFFF !important }.custom_css_69e1944736cf59-37345503 .wow-button .icon i { color:#000000 }.custom_css_69e1944736cf59-37345503  .wow-button .icon i.second { color:#FFFFFF }.custom_css_69e1944736cf59-37345503 .wow-button { background:#ffd800 }.custom_css_69e1944736cf59-37345503 .hvr-sweep-to-right:hover { background:#06c44a }.custom_css_69e1944736cf59-37345503 .wow-button .text{ padding-top:22px }.custom_css_69e1944736cf59-37345503 .wow-button .text{ padding-right:38px }.custom_css_69e1944736cf59-37345503 .wow-button .text{ padding-bottom:22px }.custom_css_69e1944736cf59-37345503 .wow-button .text{ padding-left:38px }.custom_css_69e1944736cf59-37345503 .wow-button .text{ font-size:16px;}.custom_css_69e1944736cf59-37345503 .wow-button .icon i{ font-size:22px !important; height: 22px !important; }.custom_css_69e1944736cf59-37345503 .wow-button .icon{ top : calc(50% - 11px );  height: 22px; }.custom_css_69e1944736cf59-37345503 .wow-button .icon{ left:38px !important}.custom_css_69e1944736cf59-37345503 .wow-button .text{ padding-left:70px  !important}<\/style>\n\r\n\t\t<div class=\"wow_btn_container custom_css_69e1944736cf59-37345503 left\">\r\n\t\t\t\r\n\t\t\t<button class=\"wow-button regular circle padding_left hvr-sweep-to-right\">\r\n\t\t\t\t<span class=\"icon\"><i class=\"wow-device-headphone-alt from_bottom\"><\/i><i class=\"wow-device-headphone-alt from_bottom second\"><\/i><\/span><span class=\"text\">Phone \ud83c\udde8\ud83c\udded +41 77 428 84 83<\/span>\r\n\t\t\t<\/button>\r\n\t\t\t\r\n\t\t<\/div>\r\n\t\t\t<div class=\"vc_empty_space  custom_css_69e1944736dd00-04320929\"   style=\"height: 40px\" ><span class=\"vc_empty_space_inner\"><\/span><\/div>\n<div class=\"vc_empty_space  custom_css_69e1944736e668-44952258\"   style=\"height: 40px\" ><span class=\"vc_empty_space_inner\"><\/span><\/div>\n\n\t<div class=\"wpb_raw_code wpb_content_element wpb_raw_html\" >\n\t\t<div class=\"wpb_wrapper\">\n\t\t\t<iframe loading=\"lazy\" src=\"https:\/\/www.google.com\/maps\/embed?pb=!1m18!1m12!1m3!1d2795.4693034802185!2d-73.57807484931668!3d45.52076077899903!2m3!1f0!2f0!3f0!3m2!1i1024!2i768!4f13.1!3m3!1m2!1s0x4cc91bcc102419d9%3A0x7f7ece3b262dcef3!2sAvenue%20Duluth%20E%2C%20Montr%C3%A9al%2C%20QC!5e0!3m2!1sen!2sca!4v1571848192250!5m2!1sen!2sca\" width=\"520\" height=\"400\" frameborder=\"0\" style=\"border:0;\" allowfullscreen=\"\"><\/iframe>\n\n\t\t<\/div>\n\t<\/div>\n<div class=\"vc_empty_space  custom_css_69e19447370c25-69307324\"   style=\"height: 32px\" ><span class=\"vc_empty_space_inner\"><\/span><\/div>\n\n\t<div class=\"wpb_video_widget wpb_content_element vc_clearfix  wpb_animate_when_almost_visible wpb_fadeInDown fadeInDown  vc_video-aspect-ratio-169 vc_video-el-width-100 vc_video-align-left\" >\n\t\t<div class=\"wpb_wrapper\">\n\t\t\t\n\t\t\t<div class=\"wpb_video_wrapper\"><iframe loading=\"lazy\" title=\"Is Linux always the answer? - Librem 5 Smartphone\" width=\"900\" height=\"506\" src=\"https:\/\/www.youtube.com\/embed\/BH8DRyKUZDg?feature=oembed\" frameborder=\"0\" allow=\"accelerometer; autoplay; clipboard-write; encrypted-media; gyroscope; picture-in-picture\" allowfullscreen><\/iframe><\/div>\n\t\t<\/div>\n\t<\/div>\n<div class=\"vc_empty_space  custom_css_69e19447375c36-27103052\"   style=\"height: 32px\" ><span class=\"vc_empty_space_inner\"><\/span><\/div>\n\n\t<div class=\"wpb_video_widget wpb_content_element vc_clearfix   vc_video-aspect-ratio-169 vc_video-el-width-100 vc_video-align-left\" >\n\t\t<div class=\"wpb_wrapper\">\n\t\t\t\n\t\t\t<div class=\"wpb_video_wrapper\"><iframe loading=\"lazy\" title=\"Mobile telephony. The Librem 5 from (almost) every angle.\" width=\"900\" height=\"506\" src=\"https:\/\/www.youtube.com\/embed\/ByIrg6NoWow?feature=oembed\" frameborder=\"0\" allow=\"accelerometer; autoplay; clipboard-write; encrypted-media; gyroscope; picture-in-picture\" allowfullscreen><\/iframe><\/div>\n\t\t<\/div>\n\t<\/div>\n<\/div><\/div><\/div><div class=\"wpb_column vc_column_container vc_col-sm-6\"><div class=\"vc_column-inner  custom_css_69e19447379dd1-04198412\"><div class=\"wpb_wrapper\"><div class=\"vc_row wpb_row vc_inner vc_row-fluid custom_css_69e1944737d1c7-05027463\"><style type=\"text\/css\">.vc_custom_1612707533637 { border-radius: 100px 10px}.vc_custom_1612707533637 {background-position: left top !important}<\/style><div class=\"wpb_column vc_column_container vc_col-sm-12 vc_col-has-fill wpb_animate_when_almost_visible wpb_ wpb_start_animation animated\"><div class=\"vc_column-inner vc_custom_1612707533637 custom_css_69e1944737f397-06992028\"><div class=\"wpb_wrapper\"><style type=\"text\/css\">.custom_css_69e1944737fbd2-63724235 input[type=\"submit\"].wpcf7-submit{width:100%}.custom_css_69e1944737fbd2-63724235 input[type=\"submit\"].wpcf7-submit{background-color:#aecd47}.custom_css_69e1944737fbd2-63724235 input[type=\"submit\"].wpcf7-submit:hover{background-color:#5f6b83 !important}.custom_css_69e1944737fbd2-63724235 h4{color:#000000}.custom_css_69e1944737fbd2-63724235 input[type=\"submit\"].wpcf7-submit{border-radius: 1px;font-size:24px;letter-spacing:-2px;font-family:Roboto !important;font-weight:700 !important;font-style:normal !important}.custom_css_69e1944737fbd2-63724235 textarea{height:330px; min-height:330px}.custom_css_69e1944737fbd2-63724235 .wpcf7 input[type=\"text\"], .custom_css_69e1944737fbd2-63724235 .wpcf7 input[type=\"password\"], .custom_css_69e1944737fbd2-63724235 .wpcf7 input[type=\"email\"], .custom_css_69e1944737fbd2-63724235 .wpcf7 input[type=\"url\"], .custom_css_69e1944737fbd2-63724235 .wpcf7 input[type=\"tel\"], .custom_css_69e1944737fbd2-63724235 .wpcf7 input[type=\"number\"]{ padding-right:70px !important }.custom_css_69e1944737fbd2-63724235 .wpcf7 .input-container:hover input ~ .checkmark , .custom_css_69e1944737fbd2-63724235 .wpcf7 .radio-container:hover input ~ .checkmark {background-color:#aecd47}.custom_css_69e1944737fbd2-63724235 .wpcf7 label, .custom_css_69e1944737fbd2-63724235 .wpcf7 textarea, .custom_css_69e1944737fbd2-63724235 .wpcf7 input[type=\"text\"], .custom_css_69e1944737fbd2-63724235 .wpcf7 input[type=\"password\"], .custom_css_69e1944737fbd2-63724235 .wpcf7 input[type=\"email\"], .custom_css_69e1944737fbd2-63724235 .wpcf7 input[type=\"url\"] , .custom_css_69e1944737fbd2-63724235 .wpcf7 input[type=\"tel\"] , .custom_css_69e1944737fbd2-63724235 .wpcf7 input[type=\"number\"], .custom_css_69e1944737fbd2-63724235 .wpcf7 input[type=\"file\"] , .custom_css_69e1944737fbd2-63724235 .wpcf7 select, .custom_css_69e1944737fbd2-63724235 .wpcf7 .wpcf7-validation-errors,.custom_css_69e1944737fbd2-63724235 .wpcf7 .wpcf7-mail-sent-ng,.custom_css_69e1944737fbd2-63724235 .wpcf7 .wpcf7-aborted{border-top-width: 1px;border-right-width: 1px;border-bottom-width: 1px;border-left-width: 1px;border-left-color: rgba(255,255,255,0.17);border-left-style: dashed;border-right-color: rgba(255,255,255,0.17);border-right-style: dashed;border-top-color: rgba(255,255,255,0.17);border-top-style: dashed;border-bottom-color: rgba(255,255,255,0.17);border-bottom-style: dashed;color:#ffffff;font-family:Roboto;font-weight:500;font-style:normal}.custom_css_69e1944737fbd2-63724235 .wpcf7 textarea:hover, .custom_css_69e1944737fbd2-63724235 .wpcf7 input[type=\"text\"]:hover, .custom_css_69e1944737fbd2-63724235 .wpcf7 input[type=\"password\"]:hover, .custom_css_69e1944737fbd2-63724235 .wpcf7 input[type=\"email\"]:hover, .custom_css_69e1944737fbd2-63724235 .wpcf7 input[type=\"url\"]:hover , .custom_css_69e1944737fbd2-63724235 .wpcf7 input[type=\"tel\"]:hover , .custom_css_69e1944737fbd2-63724235 .wpcf7 input[type=\"number\"]:hover, .custom_css_69e1944737fbd2-63724235 .wpcf7 input[type=\"file\"]:hover , .custom_css_69e1944737fbd2-63724235 .wpcf7 select:hover, .custom_css_69e1944737fbd2-63724235 .wpcf7 textarea:focus, .custom_css_69e1944737fbd2-63724235 .wpcf7 input[type=\"text\"]:focus, .custom_css_69e1944737fbd2-63724235 .wpcf7 input[type=\"password\"]:focus, .custom_css_69e1944737fbd2-63724235 .wpcf7 input[type=\"email\"]:focus, .custom_css_69e1944737fbd2-63724235 .wpcf7 input[type=\"url\"]:focus , .custom_css_69e1944737fbd2-63724235 .wpcf7 input[type=\"tel\"]:focus , .custom_css_69e1944737fbd2-63724235 .wpcf7 input[type=\"number\"]:focus, .custom_css_69e1944737fbd2-63724235 .wpcf7 input[type=\"file\"]:focus , .custom_css_69e1944737fbd2-63724235 .wpcf7 select:focus{border-color: #aecd47 !important}.custom_css_69e1944737fbd2-63724235 .wpcf7 input::-webkit-input-placeholder{font-weight: 900}.custom_css_69e1944737fbd2-63724235 .wpcf7 input::-moz-placeholder{font-weight: 900}.custom_css_69e1944737fbd2-63724235 .wpcf7 input:-ms-input-placeholder{font-weight: 900}.custom_css_69e1944737fbd2-63724235 .wpcf7 input:-moz-placeholder{font-weight: 900}.custom_css_69e1944737fbd2-63724235 .wpcf7 textarea::-webkit-input-placeholder{font-weight: 900}.custom_css_69e1944737fbd2-63724235 .wpcf7 textarea::-moz-placeholder{font-weight: 900}.custom_css_69e1944737fbd2-63724235 .wpcf7 textarea:-ms-input-placeholder{font-weight: 900}.custom_css_69e1944737fbd2-63724235 .wpcf7 textarea:-moz-placeholder{font-weight: 900}.custom_css_69e1944737fbd2-63724235 .wpcf7 .your-name::before, .custom_css_69e1944737fbd2-63724235 .wpcf7 .your-email::before, .custom_css_69e1944737fbd2-63724235 .wpcf7 .your-subject::before, .wpcf7 [class^=\"wpcf7-form-control-wrap tel\"]::before {color:#ffffff}.custom_css_69e1944737fbd2-63724235 .wpcf7 .input-container .checkmark , .custom_css_69e1944737fbd2-63724235 .wpcf7 .radio-container .checkmark {background-color:rgba(255, 255, 255, 0.15)}.custom_css_69e1944737fbd2-63724235 .wpcf7 input::-webkit-input-placeholder{color: #ffffff}.custom_css_69e1944737fbd2-63724235 .wpcf7 input::-moz-placeholder{color: #ffffff}.custom_css_69e1944737fbd2-63724235 .wpcf7 input:-ms-input-placeholder{color: #ffffff}.custom_css_69e1944737fbd2-63724235 .wpcf7 input:-moz-placeholder{color: #ffffff}.custom_css_69e1944737fbd2-63724235 .wpcf7 textarea::-webkit-input-placeholder{color: #ffffff}.custom_css_69e1944737fbd2-63724235 .wpcf7 textarea::-moz-placeholder{color: #ffffff}.custom_css_69e1944737fbd2-63724235 .wpcf7 textarea:-ms-input-placeholder{color: #ffffff}.custom_css_69e1944737fbd2-63724235 .wpcf7 textarea:-moz-placeholder{color: #ffffff}.custom_css_69e1944737fbd2-63724235 .wpcf7 .your-name:hover::before, .custom_css_69e1944737fbd2-63724235 .wpcf7 .your-email:hover::before, .custom_css_69e1944737fbd2-63724235 .wpcf7 .your-subject:hover::before, .custom_css_69e1944737fbd2-63724235 .wpcf7 [class^=\"wpcf7-form-control-wrap tel\"]:hover::before, .custom_css_69e1944737fbd2-63724235 .wpcf7 .your-name:focus::before, .custom_css_69e1944737fbd2-63724235 .wpcf7 .your-email:focus::before, .custom_css_69e1944737fbd2-63724235 .wpcf7 .your-subject:focus::before, .custom_css_69e1944737fbd2-63724235 .wpcf7 [class^=\"wpcf7-form-control-wrap tel\"]:focus::before {color:#aecd47}.custom_css_69e1944737fbd2-63724235 .wpcf7 textarea:hover, .custom_css_69e1944737fbd2-63724235 .wpcf7 input[type=\"text\"]:hover, .custom_css_69e1944737fbd2-63724235 .wpcf7 input[type=\"password\"]:hover, .custom_css_69e1944737fbd2-63724235 .wpcf7 input[type=\"email\"]:hover, .custom_css_69e1944737fbd2-63724235 .wpcf7 input[type=\"url\"]:hover , .custom_css_69e1944737fbd2-63724235 .wpcf7 input[type=\"tel\"]:hover , .custom_css_69e1944737fbd2-63724235 .wpcf7 input[type=\"number\"]:hover, .custom_css_69e1944737fbd2-63724235 .wpcf7 input[type=\"file\"]:hover , .custom_css_69e1944737fbd2-63724235 .wpcf7 select:hover,.custom_css_69e1944737fbd2-63724235 .wpcf7 textarea:focus, .custom_css_69e1944737fbd2-63724235 .wpcf7 input[type=\"text\"]:focus, .custom_css_69e1944737fbd2-63724235 .wpcf7 input[type=\"password\"]:focus, .custom_css_69e1944737fbd2-63724235 .wpcf7 input[type=\"email\"]:focus, .custom_css_69e1944737fbd2-63724235 .wpcf7 input[type=\"url\"]:focus , .custom_css_69e1944737fbd2-63724235 .wpcf7 input[type=\"tel\"]:focus , .custom_css_69e1944737fbd2-63724235 .wpcf7 input[type=\"number\"]:focus, .custom_css_69e1944737fbd2-63724235 .wpcf7 input[type=\"file\"]:focus , .custom_css_69e1944737fbd2-63724235 .wpcf7 select:focus{color: #aecd47 !important}.custom_css_69e1944737fbd2-63724235 .wpcf7 input:hover::-webkit-input-placeholder{color: #aecd47}.custom_css_69e1944737fbd2-63724235 .wpcf7 input:hover::-moz-placeholder{color: #aecd47}.custom_css_69e1944737fbd2-63724235 .wpcf7 input:hover:-ms-input-placeholder{color: #aecd47}.custom_css_69e1944737fbd2-63724235 .wpcf7 input:hover:-moz-placeholder{color: #aecd47}.custom_css_69e1944737fbd2-63724235 .wpcf7 textarea:hover::-webkit-input-placeholder{color: #aecd47}.custom_css_69e1944737fbd2-63724235 .wpcf7 textarea:hover::-moz-placeholder{color: #aecd47}.custom_css_69e1944737fbd2-63724235 .wpcf7 textarea:hover:-ms-input-placeholder{color: #aecd47}.custom_css_69e1944737fbd2-63724235 .wpcf7 textarea:hover:-moz-placeholder{color: #aecd47}.custom_css_69e1944737fbd2-63724235 .wpcf7 input:focus::-webkit-input-placeholder{color: #aecd47}.custom_css_69e1944737fbd2-63724235 .wpcf7 input:focus::-moz-placeholder{color: #aecd47}.custom_css_69e1944737fbd2-63724235 .wpcf7 input:focus:-ms-input-placeholder{color: #aecd47}.custom_css_69e1944737fbd2-63724235 .wpcf7 input:focus:-moz-placeholder{color: #aecd47}.custom_css_69e1944737fbd2-63724235 .wpcf7 textarea:focus::-webkit-input-placeholder{color: #aecd47}.custom_css_69e1944737fbd2-63724235 .wpcf7 textarea:focus::-moz-placeholder{color: #aecd47}.custom_css_69e1944737fbd2-63724235 .wpcf7 textarea:focus:-ms-input-placeholder{color: #aecd47}.custom_css_69e1944737fbd2-63724235 .wpcf7 textarea:focus:-moz-placeholder{color: #aecd47}\n\n\n@media only screen and (max-width : 1890px) {\r\n\t\t\t\t\t\t}\n\n\n<\/style><div class=\"wow-contact-form-7 custom_css_69e1944737fbd2-63724235\"><!-- wow-contact-form-7 -->\n<div class=\"wpcf7 no-js\" id=\"wpcf7-f8417-o1\" lang=\"en-US\" dir=\"ltr\" data-wpcf7-id=\"8417\">\n<div class=\"screen-reader-response\"><p role=\"status\" aria-live=\"polite\" aria-atomic=\"true\"><\/p> <ul><\/ul><\/div>\n<form action=\"\/en\/wp-json\/wp\/v2\/pages\/9096#wpcf7-f8417-o1\" method=\"post\" class=\"wpcf7-form init\" aria-label=\"Contact form\" novalidate=\"novalidate\" data-status=\"init\" data-trp-original-action=\"\/en\/wp-json\/wp\/v2\/pages\/9096#wpcf7-f8417-o1\">\n<fieldset class=\"hidden-fields-container\"><input type=\"hidden\" name=\"_wpcf7\" value=\"8417\" \/><input type=\"hidden\" name=\"_wpcf7_version\" value=\"6.1.4\" \/><input type=\"hidden\" name=\"_wpcf7_locale\" value=\"en_US\" \/><input type=\"hidden\" name=\"_wpcf7_unit_tag\" value=\"wpcf7-f8417-o1\" \/><input type=\"hidden\" name=\"_wpcf7_container_post\" value=\"0\" \/><input type=\"hidden\" name=\"_wpcf7_posted_data_hash\" value=\"\" \/>\n<\/fieldset>\n<h4>Your name\n<\/h4>\n<p><span class=\"wpcf7-form-control-wrap\" data-name=\"nom-client\"><input size=\"40\" maxlength=\"400\" class=\"wpcf7-form-control wpcf7-text wpcf7-validates-as-required\" aria-required=\"true\" aria-invalid=\"false\" placeholder=\"Name\" value=\"\" type=\"text\" name=\"nom-client\" \/><\/span>\n<\/p>\n<h4>Your e-mail address\n<\/h4>\n<p><span class=\"wpcf7-form-control-wrap\" data-name=\"courriel-client\"><input size=\"40\" maxlength=\"400\" class=\"wpcf7-form-control wpcf7-email wpcf7-validates-as-required wpcf7-text wpcf7-validates-as-email\" aria-required=\"true\" aria-invalid=\"false\" placeholder=\"E-mail\" value=\"\" type=\"email\" name=\"courriel-client\" \/><\/span>\n<\/p>\n<h4>Your telephone number\n<\/h4>\n<p><span class=\"wpcf7-form-control-wrap\" data-name=\"tel-client\"><input size=\"40\" maxlength=\"400\" class=\"wpcf7-form-control wpcf7-tel wpcf7-validates-as-required wpcf7-text wpcf7-validates-as-tel\" aria-required=\"true\" aria-invalid=\"false\" placeholder=\"Tel.\" value=\"\" type=\"tel\" name=\"tel-client\" \/><\/span>\n<\/p>\n<h4>Object\n<\/h4>\n<p><span class=\"wpcf7-form-control-wrap\" data-name=\"sujet-message\"><input size=\"40\" maxlength=\"400\" class=\"wpcf7-form-control wpcf7-text wpcf7-validates-as-required\" aria-required=\"true\" aria-invalid=\"false\" placeholder=\"Object\" value=\"\" type=\"text\" name=\"sujet-message\" \/><\/span>\n<\/p>\n<h4>Select all applicable options\n<\/h4>\n<p><span class=\"wpcf7-form-control-wrap\" data-name=\"motif-contact\"><span class=\"wpcf7-form-control wpcf7-checkbox\"><span class=\"wpcf7-list-item first\"><label><input type=\"checkbox\" name=\"motif-contact[]\" value=\"Nouveau mat\u00e9riel\" \/><span class=\"wpcf7-list-item-label\">New equipment<\/span><\/label><\/span><span class=\"wpcf7-list-item\"><label><input type=\"checkbox\" name=\"motif-contact[]\" value=\"Ancien ordinateur\" \/><span class=\"wpcf7-list-item-label\">Old computer<\/span><\/label><\/span><span class=\"wpcf7-list-item\"><label><input type=\"checkbox\" name=\"motif-contact[]\" value=\"Configuration ou installation\" \/><span class=\"wpcf7-list-item-label\">Configuration or installation<\/span><\/label><\/span><span class=\"wpcf7-list-item\"><label><input type=\"checkbox\" name=\"motif-contact[]\" value=\"D\u00e9pannage\" \/><span class=\"wpcf7-list-item-label\">Troubleshooting<\/span><\/label><\/span><span class=\"wpcf7-list-item\"><label><input type=\"checkbox\" name=\"motif-contact[]\" value=\"Migration GNU \/ LINUX Ubuntu\" \/><span class=\"wpcf7-list-item-label\">GNU \/ LINUX Ubuntu migration<\/span><\/label><\/span><span class=\"wpcf7-list-item\"><label><input type=\"checkbox\" name=\"motif-contact[]\" value=\"Cours \/ Formations\" \/><span class=\"wpcf7-list-item-label\">Courses \/ Training<\/span><\/label><\/span><span class=\"wpcf7-list-item\"><label><input type=\"checkbox\" name=\"motif-contact[]\" value=\"Solutions WEB\" \/><span class=\"wpcf7-list-item-label\">WEB Solutions<\/span><\/label><\/span><span class=\"wpcf7-list-item\"><label><input type=\"checkbox\" name=\"motif-contact[]\" value=\"e-R\u00e9putation\" \/><span class=\"wpcf7-list-item-label\">e-Reputation<\/span><\/label><\/span><span class=\"wpcf7-list-item\"><label><input type=\"checkbox\" name=\"motif-contact[]\" value=\"T\u00e9l\u00e9phonie mobile\" \/><span class=\"wpcf7-list-item-label\">Mobile telephony<\/span><\/label><\/span><span class=\"wpcf7-list-item last\"><label><input type=\"checkbox\" name=\"motif-contact[]\" value=\"Autre\" \/><span class=\"wpcf7-list-item-label\">Other<\/span><\/label><\/span><\/span><\/span>\n<\/p>\n<h4>I am\n<\/h4>\n<p><span class=\"wpcf7-form-control-wrap\" data-name=\"categorie-client\"><span class=\"wpcf7-form-control wpcf7-radio\"><span class=\"wpcf7-list-item first\"><label><input type=\"radio\" name=\"categorie-client\" value=\"Une entreprise\" checked=\"checked\" \/><span class=\"wpcf7-list-item-label\">A company<\/span><\/label><\/span><span class=\"wpcf7-list-item\"><label><input type=\"radio\" name=\"categorie-client\" value=\"Un particulier\" \/><span class=\"wpcf7-list-item-label\">A private individual<\/span><\/label><\/span><span class=\"wpcf7-list-item last\"><label><input type=\"radio\" name=\"categorie-client\" value=\"Un travailleur autonome\" \/><span class=\"wpcf7-list-item-label\">A self-employed worker<\/span><\/label><\/span><\/span><\/span>\n<\/p>\n<h4>I prefer to be contacted by\n<\/h4>\n<p><span class=\"wpcf7-form-control-wrap\" data-name=\"desire-retour-par\"><select class=\"wpcf7-form-control wpcf7-select\" aria-invalid=\"false\" name=\"desire-retour-par\"><option value=\"Courriel\">E-mail<\/option><option value=\"T\u00e9l\u00e9phone\">Phone<\/option><option value=\"Sans importance\">Not important<\/option><\/select><\/span>\n<\/p>\n<h4>Your message\n<\/h4>\n<p><span class=\"wpcf7-form-control-wrap\" data-name=\"message-client\"><textarea cols=\"40\" rows=\"10\" maxlength=\"2000\" class=\"wpcf7-form-control wpcf7-textarea wpcf7-validates-as-required\" aria-required=\"true\" aria-invalid=\"false\" placeholder=\"MESSAGE\" name=\"message-client\"><\/textarea><\/span>\n<\/p>\n<p><input class=\"wpcf7-form-control wpcf7-submit has-spinner\" type=\"submit\" value=\"Send\" \/>\n<\/p><p style=\"display: none !important;\" class=\"akismet-fields-container\" data-prefix=\"_wpcf7_ak_\"><label>\u0394<textarea name=\"_wpcf7_ak_hp_textarea\" cols=\"45\" rows=\"8\" maxlength=\"100\"><\/textarea><\/label><input type=\"hidden\" id=\"ak_js_1\" name=\"_wpcf7_ak_js\" value=\"30\"\/><script>document.getElementById( \"ak_js_1\" ).setAttribute( \"value\", ( new Date() ).getTime() );<\/script><\/p><div class=\"wpcf7-response-output\" aria-hidden=\"true\"><\/div>\n<input type=\"hidden\" name=\"trp-form-language\" value=\"en\"\/><\/form>\n<\/div>\n<\/div><!-- \/wow-contact-form-7 --><\/div><\/div><\/div><\/div><div class=\"vc_empty_space  custom_css_69e1944738e122-38287240\"   style=\"height: 40px\" ><span class=\"vc_empty_space_inner\"><\/span><\/div>\n<\/div><\/div><\/div><\/div><!--\/ container-inner --><\/div><!--\/ container --><\/div>","protected":false},"excerpt":{"rendered":"CONTACT Nous aimerions avoir de vos nouvelles Par t\u00e9l. \ud83c\udde8\ud83c\udded +41 77 428 84 83 Votre nom Votre courriel Votre num\u00e9ro de t\u00e9l\u00e9phone Objet S\u00e9lectionnez toutes les options qui s'appliquent Nouveau mat\u00e9rielAncien ordinateurConfiguration ou installationD\u00e9pannageMigration GNU \/ LINUX UbuntuCours \/ FormationsSolutions WEBe-R\u00e9putationT\u00e9l\u00e9phonie mobileAutre Je suis Une entrepriseUn particulierUn travailleur autonome Je pr\u00e9f\u00e8re \u00eatre contact\u00e9 par [...]","protected":false},"author":1,"featured_media":0,"parent":0,"menu_order":0,"comment_status":"closed","ping_status":"closed","template":"","meta":{"footnotes":""},"class_list":["post-9096","page","type-page","status-publish","hentry"],"_links":{"self":[{"href":"https:\/\/vagoinformatique.com\/en\/wp-json\/wp\/v2\/pages\/9096","targetHints":{"allow":["GET"]}}],"collection":[{"href":"https:\/\/vagoinformatique.com\/en\/wp-json\/wp\/v2\/pages"}],"about":[{"href":"https:\/\/vagoinformatique.com\/en\/wp-json\/wp\/v2\/types\/page"}],"author":[{"embeddable":true,"href":"https:\/\/vagoinformatique.com\/en\/wp-json\/wp\/v2\/users\/1"}],"replies":[{"embeddable":true,"href":"https:\/\/vagoinformatique.com\/en\/wp-json\/wp\/v2\/comments?post=9096"}],"version-history":[{"count":32,"href":"https:\/\/vagoinformatique.com\/en\/wp-json\/wp\/v2\/pages\/9096\/revisions"}],"predecessor-version":[{"id":11359,"href":"https:\/\/vagoinformatique.com\/en\/wp-json\/wp\/v2\/pages\/9096\/revisions\/11359"}],"wp:attachment":[{"href":"https:\/\/vagoinformatique.com\/en\/wp-json\/wp\/v2\/media?parent=9096"}],"curies":[{"name":"wp","href":"https:\/\/api.w.org\/{rel}","templated":true}]}}