{"id":3,"date":"2019-06-06T08:20:20","date_gmt":"2019-06-06T08:20:20","guid":{"rendered":"https:\/\/wowlayers.com\/wordpress-themes\/infinito-app-2\/?page_id=3"},"modified":"2025-10-30T21:13:47","modified_gmt":"2025-10-30T21:13:47","slug":"private-life","status":"publish","type":"page","link":"https:\/\/vagoinformatique.com\/en\/private-life\/","title":{"rendered":"Privacy policy"},"content":{"rendered":"<h2 class=\"wp-block-heading\">Who we are<\/h2>\n\n\n\n<p>Our sites are <a href=\"https:\/\/vagoinformatique.com\/en\/\" data-type=\"URL\" data-id=\"https:\/\/vagoinformatique.com\/\"><mark style=\"background-color:rgba(0, 0, 0, 0);color:#8bc224\" class=\"has-inline-color\"><strong>tellhandel.com<\/strong><\/mark><\/a>, <a href=\"https:\/\/tellhandel.blog\/\" target=\"_blank\" rel=\"noreferrer noopener\"><mark style=\"background-color:rgba(0, 0, 0, 0);color:#8bc224\" class=\"has-inline-color\"><strong>tellhandel.blog<\/strong><\/mark><\/a>, <a href=\"https:\/\/www.chloemonitoring.com\/\" data-type=\"link\" data-id=\"https:\/\/www.chloemonitoring.com\/\" target=\"_blank\" rel=\"noreferrer noopener\"><mark style=\"background-color:rgba(0, 0, 0, 0);color:#8bc224\" class=\"has-inline-color\"><strong>chloemonitoring.com<\/strong><\/mark><\/a> and <a href=\"https:\/\/links4travelers.com\/\" data-type=\"URL\" data-id=\"https:\/\/links4travelers.com\/\" target=\"_blank\" rel=\"noreferrer noopener\"><mark style=\"background-color:rgba(0, 0, 0, 0);color:#8bc224\" class=\"has-inline-color\"><strong>links4travelers.com<\/strong><\/mark><\/a>. We are a <em><strong>hub<\/strong><\/em>, is an information technology (IT) resource concentrator whose aim is to facilitate contact and equitable business exchanges between customers and service providers or suppliers of technological equipment. For <strong>Links4Travelers<\/strong>\u00ae, in travel, tourist information and wellness services.<\/p>\n\n\n\n<p>The adventure <strong>tellhandel<\/strong>\u00ae began in Switzerland in 1986. From Switzerland, our headquarters moved to Quebec, Canada, in 1996. We are located on Avenue Duluth E. in Montreal, near the Plateau Mont-Royal. <strong>tellhandel<\/strong>\u00ae and <strong>Links4Travelers<\/strong>\u00ae are registered trademarks of Industry Canada, Canadian Intellectual Property Office.<\/p>\n\n\n\n<h3 class=\"wp-block-heading\">What types of data do we collect and why<\/h3>\n\n\n\n<h5 class=\"wp-block-heading\">In keeping with the principles that govern the world of Linux and free software, tellhandel\u00ae does not track your Internet browsing before and after you visit our websites.<\/h5>\n\n\n\n<p>When visitors leave comments on the site, we collect the data indicated in the comment form, as well as the visitor's IP address and the browser's user agent string to facilitate spam detection.<\/p>\n\n\n\n<p>An anonymous string created from your e-mail address (also known as a <em>\u00abhash\u00bb<\/em>) may be provided to the Gravatar service to see if you use it. The Gravatar privacy policy is available here: <a rel=\"noreferrer noopener\" href=\"https:\/\/automattic.com\/privacy\/\" data-type=\"URL\" data-id=\"https:\/\/automattic.com\/privacy\/\" target=\"_blank\"><mark style=\"background-color:rgba(0, 0, 0, 0);color:#8bc224\" class=\"has-inline-color\"><strong>https:\/\/automattic.com\/privacy\/<\/strong><\/mark><\/a>. Once your comment has been approved, your profile photo is visible to the public in the context of your comment.<\/p>\n\n\n\n<h3 class=\"wp-block-heading\">Media<\/h3>\n\n\n\n<p>If you upload images to the website, you should avoid uploading images with embedded location data (EXIF GPS). Visitors to the website can download and extract all location data from images on the website.<\/p>\n\n\n\n<h3 class=\"wp-block-heading\">Our contact forms and cookies<\/h3>\n\n\n\n<p>When you leave a comment on our site, you can choose to save your name, e-mail address and website in cookies. These cookies are intended to make things easier for you, so you don't have to fill in your details again when you leave another comment. These cookies have a lifetime of one year.<\/p>\n\n\n\n<p>If you log on to our sites via the login to become sections, or because you are already a registered user, we will set a temporary cookie to determine whether your browser accepts cookies. This cookie contains no personal data and is deleted when you close your browser and\/or clear its cache.<\/p>\n\n\n\n<p>At the time of login we will also create several cookies to record your login information and screen display choices. Login cookies last for two days, and screen option cookies last for one year. If you select \u00abRemember me\u00bb, your connection will persist for two weeks. If you log out of your account, the login cookies will be deleted.<\/p>\n\n\n\n<p>If you modify or publish an article, an additional cookie will be stored in your browser. This cookie contains no personal data and simply indicates the identifier of the article you have just modified. It expires after one day.<\/p>\n\n\n\n<h3 class=\"wp-block-heading\">Content from other websites<\/h3>\n\n\n\n<p>Articles on this site may contain embedded content (e.g. videos, images, articles, etc.). Embedded content from other websites behaves in exactly the same way as if the visitor had visited the other website.<\/p>\n\n\n\n<p>These websites may collect data about you, use cookies, integrate additional third-party tracking and monitor your interaction with this integrated content, including tracking your interaction with integrated content if you have an account and are logged in to this website.<\/p>\n\n\n\n<p>They are then the responsibility of the publishers of these other sites. <strong>tellhandel<\/strong>\u00ae does not track your Internet browsing before and after you visit our websites.<\/p>\n\n\n\n<h2 class=\"wp-block-heading\">Data analysis and use<\/h2>\n\n\n\n<h3 class=\"wp-block-heading\">With whom we share your data<\/h3>\n\n\n\n<h3 class=\"wp-block-heading\">How long do we keep them in our archives?<\/h3>\n\n\n\n<p>If you leave a comment, it and its metadata are kept indefinitely. This allows us to automatically recognize and approve any follow-up comments, rather than keeping them in a moderation queue.<\/p>\n\n\n\n<p>For users who register on our website (where applicable), we also store the personal information they provide in their user profile. All users can view, modify or delete their personal information at any time (except that they cannot change their username). Website administrators can also view and modify this information.<\/p>\n\n\n\n<h3 class=\"wp-block-heading\">The rights you have over your data<\/h3>\n\n\n\n<p>If you have an account on this site, or if you have left comments, you may request to receive an exported file of the personal data we hold about you, including the data you have provided to us. You may also ask us to delete any personal data we hold about you. This does not include data that we are obliged to retain for administrative, legal or security purposes.<\/p>\n\n\n\n<h3 class=\"wp-block-heading\">Where we send your data<\/h3>\n\n\n\n<p>Visitors' comments can be checked using an automatic spam detection service. This is a third-party application implemented in the comments sections of our sites. <strong>tellhandel<\/strong>\u00ae has no control over the use of this data by third-party applications. For more details, please consult the Akismet policy on <a href=\"https:\/\/automattic.com\/privacy\/\" data-type=\"URL\" data-id=\"https:\/\/automattic.com\/privacy\/\" target=\"_blank\" rel=\"noreferrer noopener\"><mark style=\"background-color:rgba(0, 0, 0, 0);color:#8bc224\" class=\"has-inline-color\"><strong>https:\/\/automattic.com\/privacy\/<\/strong><\/mark><\/a><\/p>\n\n\n\n<h3 class=\"wp-block-heading\">Your contact details<\/h3>\n\n\n\n<h3 class=\"wp-block-heading\">And any other additional information<\/h3>\n\n\n\n<p><strong>tellhandel<\/strong>\u00ae never passes on your data to other companies, groups or sites. Your contact information may be used by our own services only, for example to offer you the opportunity to follow us on other media and social networks, or to find out whether you would be willing to be mentioned as a reference on one of our sites because we think your interaction, knowledge and\/or services would be of benefit to our visitors.<\/p>\n\n\n\n<p><a href=\"https:\/\/vagoinformatique.com\/en\/keep-in-touch\/\" data-type=\"URL\" data-id=\"https:\/\/vagoinformatique.com\/gardons-le-contact\/\"><strong><span style=\"color:#88bc0d\" class=\"has-inline-color\">You can contact us at any time<\/span><\/strong><\/a> to send us your comments and questions, or for any request to remove data following a message or any other media that you may have posted on one of our sites following a previous visit and interaction with us.<\/p>","protected":false},"excerpt":{"rendered":"Qui nous sommes Nos sites sont tellhandel.com, tellhandel.blog, chloemonitoring.com et links4travelers.com. Nous sommes un hub, un concentrateur de ressources dans les domaines des technologies de l&rsquo;information (TI) dont l&rsquo;objectif est de faciliter le contact et des \u00e9changes d&rsquo;affaires \u00e9quitables entre clients et prestataires de services ou fournisseurs de mat\u00e9riel technologique. Pour Links4Travelers\u00ae, dans le domaine&hellip;","protected":false},"author":1,"featured_media":0,"parent":0,"menu_order":0,"comment_status":"closed","ping_status":"open","template":"","meta":{"footnotes":""},"class_list":["post-3","page","type-page","status-publish","hentry"],"_links":{"self":[{"href":"https:\/\/vagoinformatique.com\/en\/wp-json\/wp\/v2\/pages\/3","targetHints":{"allow":["GET"]}}],"collection":[{"href":"https:\/\/vagoinformatique.com\/en\/wp-json\/wp\/v2\/pages"}],"about":[{"href":"https:\/\/vagoinformatique.com\/en\/wp-json\/wp\/v2\/types\/page"}],"author":[{"embeddable":true,"href":"https:\/\/vagoinformatique.com\/en\/wp-json\/wp\/v2\/users\/1"}],"replies":[{"embeddable":true,"href":"https:\/\/vagoinformatique.com\/en\/wp-json\/wp\/v2\/comments?post=3"}],"version-history":[{"count":26,"href":"https:\/\/vagoinformatique.com\/en\/wp-json\/wp\/v2\/pages\/3\/revisions"}],"predecessor-version":[{"id":11402,"href":"https:\/\/vagoinformatique.com\/en\/wp-json\/wp\/v2\/pages\/3\/revisions\/11402"}],"wp:attachment":[{"href":"https:\/\/vagoinformatique.com\/en\/wp-json\/wp\/v2\/media?parent=3"}],"curies":[{"name":"wp","href":"https:\/\/api.w.org\/{rel}","templated":true}]}}